{"id":247,"date":"2023-10-24T11:16:44","date_gmt":"2023-10-24T08:16:44","guid":{"rendered":"https:\/\/plasticbros.com\/?post_type=product&#038;p=247"},"modified":"2025-01-26T13:56:11","modified_gmt":"2025-01-26T11:56:11","slug":"5-litru-silikonas-masalu-gamybai","status":"publish","type":"product","link":"https:\/\/plasticbros.com\/ru\/produktas\/5-litru-silikonas-masalu-gamybai\/","title":{"rendered":"5 litr\u0173 silikonas masal\u0173 gamybai"},"content":{"rendered":"<p>5l talpos silikonas masal\u0173 gamybai*<br \/>\nSkirtingo kietumo:<\/p>\n<p>Labai mink\u0161tas<br \/>\nMink\u0161tas<br \/>\nVidutinio kietumo<br \/>\nKietas<br \/>\nUp\u0117takiams<\/p>\n<p>&nbsp;<\/p>\n<p>*Galimi individual\u016bs u\u017esakymai, susisiekti info@plasticbros.com<\/p>\n<p>*I\u0161kilus klausimams kaip naudoti silikon\u0105, pra\u0161ome kreiptis info@plasticbros.com<\/p>\n<p>*Norint u\u017esakyti didesn\u012f kiek\u012f produkto d\u0117l atsi\u0117mimo ar transportavimo b\u016bd\u0173 susisiekti info@plasticbros.com<\/p>\n","protected":false},"excerpt":{"rendered":"<p>5l talpos silikonas masal\u0173 gamybai* Skirtingo kietumo: Labai mink\u0161tas Mink\u0161tas Vidutinio kietumo Kietas Up\u0117takiams &nbsp; *Galimi individual\u016bs u\u017esakymai, susisiekti info@plasticbros.com *I\u0161kilus klausimams kaip naudoti silikon\u0105, pra\u0161ome kreiptis info@plasticbros.com *Norint u\u017esakyti didesn\u012f kiek\u012f produkto d\u0117l atsi\u0117mimo ar transportavimo b\u016bd\u0173 susisiekti info@plasticbros.com<\/p>\n","protected":false},"featured_media":235,"comment_status":"closed","ping_status":"closed","template":"","meta":[],"product_brand":[],"product_cat":[17],"product_tag":[],"class_list":{"0":"post-247","1":"product","2":"type-product","3":"status-publish","4":"has-post-thumbnail","6":"product_cat-silikonas-masalu-gamybai","8":"first","9":"instock","10":"taxable","11":"shipping-taxable","12":"purchasable","13":"product-type-variable"},"_links":{"self":[{"href":"https:\/\/plasticbros.com\/ru\/wp-json\/wp\/v2\/product\/247","targetHints":{"allow":["GET"]}}],"collection":[{"href":"https:\/\/plasticbros.com\/ru\/wp-json\/wp\/v2\/product"}],"about":[{"href":"https:\/\/plasticbros.com\/ru\/wp-json\/wp\/v2\/types\/product"}],"replies":[{"embeddable":true,"href":"https:\/\/plasticbros.com\/ru\/wp-json\/wp\/v2\/comments?post=247"}],"wp:featuredmedia":[{"embeddable":true,"href":"https:\/\/plasticbros.com\/ru\/wp-json\/wp\/v2\/media\/235"}],"wp:attachment":[{"href":"https:\/\/plasticbros.com\/ru\/wp-json\/wp\/v2\/media?parent=247"}],"wp:term":[{"taxonomy":"product_brand","embeddable":true,"href":"https:\/\/plasticbros.com\/ru\/wp-json\/wp\/v2\/product_brand?post=247"},{"taxonomy":"product_cat","embeddable":true,"href":"https:\/\/plasticbros.com\/ru\/wp-json\/wp\/v2\/product_cat?post=247"},{"taxonomy":"product_tag","embeddable":true,"href":"https:\/\/plasticbros.com\/ru\/wp-json\/wp\/v2\/product_tag?post=247"}],"curies":[{"name":"wp","href":"https:\/\/api.w.org\/{rel}","templated":true}]}}