{"id":2281,"date":"2024-04-30T14:52:28","date_gmt":"2024-04-30T11:52:28","guid":{"rendered":"https:\/\/plasticbros.com\/?post_type=product&#038;p=2281"},"modified":"2024-04-30T15:41:26","modified_gmt":"2024-04-30T12:41:26","slug":"silikoninis-masalas-osprey-lures-flexi-tail-25cm-80g-l01pin","status":"publish","type":"product","link":"https:\/\/plasticbros.com\/ru\/produktas\/silikoninis-masalas-osprey-lures-flexi-tail-25cm-80g-l01pin\/","title":{"rendered":"Silikoninis masalas Osprey Lures FLEXI TAIL 25cm 80g #L01PIN"},"content":{"rendered":"<p>Silikoninis masalas &#8212; <strong>pagaminta Lietuvoje!<\/strong> Masalas skirtas lydek\u0173, starki\u0173, \u0161am\u0173 \u017e\u016bklei. Vidutinio mink\u0161tumo, patvarus silikonas. \u0160io masalo darbas atsiskleid\u017eia i\u0161 karto jam pasiekus vanden\u012f ir u\u017esikuria nuo menkiausio judesio. Ideali forma, kuri primena tikr\u0105 \u017euvel\u0119. Masalas d\u0117l savo k\u016bno formos svyruoja \u012f \u0161alis taip vandenyje efektyviai viliodamas pl\u0117\u0161ri\u0105j\u0105 \u017euv\u012f pulti. \u0160iuose masaluose n\u0117ra druskos, tod\u0117l kabliukai n\u0117ra taip veikiami korozijos, kaip kituose masaluose. Masalo svoris 80 g. Ilgis 25 cm. Kiekis 1 vnt.<\/p>\n","protected":false},"excerpt":{"rendered":"<p>Silikoninis masalas &#8212; pagaminta Lietuvoje! Masalas skirtas lydek\u0173, starki\u0173, \u0161am\u0173 \u017e\u016bklei. Vidutinio mink\u0161tumo, patvarus silikonas. \u0160io masalo darbas atsiskleid\u017eia i\u0161 karto jam pasiekus vanden\u012f ir u\u017esikuria nuo menkiausio judesio. Ideali forma, kuri primena tikr\u0105 \u017euvel\u0119. Masalas d\u0117l savo k\u016bno formos svyruoja \u012f \u0161alis taip vandenyje efektyviai viliodamas pl\u0117\u0161ri\u0105j\u0105 \u017euv\u012f pulti. \u0160iuose masaluose n\u0117ra druskos, tod\u0117l&#8230;<\/p>\n","protected":false},"featured_media":2284,"comment_status":"closed","ping_status":"closed","template":"","meta":[],"product_brand":[],"product_cat":[36],"product_tag":[],"class_list":{"0":"post-2281","1":"product","2":"type-product","3":"status-publish","4":"has-post-thumbnail","6":"product_cat-be-kategorijos-ru","8":"first","9":"instock","10":"taxable","11":"shipping-taxable","12":"purchasable","13":"product-type-simple"},"_links":{"self":[{"href":"https:\/\/plasticbros.com\/ru\/wp-json\/wp\/v2\/product\/2281","targetHints":{"allow":["GET"]}}],"collection":[{"href":"https:\/\/plasticbros.com\/ru\/wp-json\/wp\/v2\/product"}],"about":[{"href":"https:\/\/plasticbros.com\/ru\/wp-json\/wp\/v2\/types\/product"}],"replies":[{"embeddable":true,"href":"https:\/\/plasticbros.com\/ru\/wp-json\/wp\/v2\/comments?post=2281"}],"wp:featuredmedia":[{"embeddable":true,"href":"https:\/\/plasticbros.com\/ru\/wp-json\/wp\/v2\/media\/2284"}],"wp:attachment":[{"href":"https:\/\/plasticbros.com\/ru\/wp-json\/wp\/v2\/media?parent=2281"}],"wp:term":[{"taxonomy":"product_brand","embeddable":true,"href":"https:\/\/plasticbros.com\/ru\/wp-json\/wp\/v2\/product_brand?post=2281"},{"taxonomy":"product_cat","embeddable":true,"href":"https:\/\/plasticbros.com\/ru\/wp-json\/wp\/v2\/product_cat?post=2281"},{"taxonomy":"product_tag","embeddable":true,"href":"https:\/\/plasticbros.com\/ru\/wp-json\/wp\/v2\/product_tag?post=2281"}],"curies":[{"name":"wp","href":"https:\/\/api.w.org\/{rel}","templated":true}]}}