{"id":1150,"date":"2024-03-19T13:15:47","date_gmt":"2024-03-19T11:15:47","guid":{"rendered":"https:\/\/plasticbros.com\/produktas\/dragon-fly-4-5-cm\/"},"modified":"2024-03-20T14:06:41","modified_gmt":"2024-03-20T12:06:41","slug":"dragon-fly-4-5-cm","status":"publish","type":"product","link":"https:\/\/plasticbros.com\/ru\/produktas\/dragon-fly-4-5-cm\/","title":{"rendered":"DRAGON FLY (4.5 cm)"},"content":{"rendered":"<p>Silikoniniai masalai<br \/>\nTinka e\u0161eri\u0173 ir kit\u0173 \u017euv\u0173 \u017evejybai.<\/p>\n<p>Ilgis 4.5 cm \/ 1.8 INCH<br \/>\n1 pakelis (7 vnt.)<\/p>\n","protected":false},"excerpt":{"rendered":"<p>Silikoniniai masalai Tinka e\u0161eri\u0173 ir kit\u0173 \u017euv\u0173 \u017evejybai. Ilgis 4.5 cm \/ 1.8 INCH 1 pakelis (7 vnt.)<\/p>\n","protected":false},"featured_media":615,"comment_status":"closed","ping_status":"closed","template":"","meta":[],"product_brand":[],"product_cat":[32],"product_tag":[],"class_list":{"0":"post-1150","1":"product","2":"type-product","3":"status-publish","4":"has-post-thumbnail","6":"product_cat-silikoniniai-masalai-ru","8":"first","9":"instock","10":"taxable","11":"shipping-taxable","12":"purchasable","13":"product-type-variable"},"_links":{"self":[{"href":"https:\/\/plasticbros.com\/ru\/wp-json\/wp\/v2\/product\/1150","targetHints":{"allow":["GET"]}}],"collection":[{"href":"https:\/\/plasticbros.com\/ru\/wp-json\/wp\/v2\/product"}],"about":[{"href":"https:\/\/plasticbros.com\/ru\/wp-json\/wp\/v2\/types\/product"}],"replies":[{"embeddable":true,"href":"https:\/\/plasticbros.com\/ru\/wp-json\/wp\/v2\/comments?post=1150"}],"wp:featuredmedia":[{"embeddable":true,"href":"https:\/\/plasticbros.com\/ru\/wp-json\/wp\/v2\/media\/615"}],"wp:attachment":[{"href":"https:\/\/plasticbros.com\/ru\/wp-json\/wp\/v2\/media?parent=1150"}],"wp:term":[{"taxonomy":"product_brand","embeddable":true,"href":"https:\/\/plasticbros.com\/ru\/wp-json\/wp\/v2\/product_brand?post=1150"},{"taxonomy":"product_cat","embeddable":true,"href":"https:\/\/plasticbros.com\/ru\/wp-json\/wp\/v2\/product_cat?post=1150"},{"taxonomy":"product_tag","embeddable":true,"href":"https:\/\/plasticbros.com\/ru\/wp-json\/wp\/v2\/product_tag?post=1150"}],"curies":[{"name":"wp","href":"https:\/\/api.w.org\/{rel}","templated":true}]}}