{"id":1118,"date":"2024-03-20T11:42:07","date_gmt":"2024-03-20T09:42:07","guid":{"rendered":"https:\/\/plasticbros.com\/produktas\/krakus-8-cm\/"},"modified":"2024-04-08T08:47:23","modified_gmt":"2024-04-08T05:47:23","slug":"krakus-8-cm","status":"publish","type":"product","link":"https:\/\/plasticbros.com\/ru\/produktas\/krakus-8-cm\/","title":{"rendered":"KRAKUS (8 cm)"},"content":{"rendered":"<p>Silikoniniai masalai<br \/>\nTinka e\u0161eri\u0173 ir kit\u0173 \u017euv\u0173 \u017evejybai.<\/p>\n<p>Ilgis 8 cm \/ 3.1 INCH<br \/>\n1 pakelis (6 vnt.)<\/p>\n","protected":false},"excerpt":{"rendered":"<p>Silikoniniai masalai Tinka e\u0161eri\u0173 ir kit\u0173 \u017euv\u0173 \u017evejybai. Ilgis 8 cm \/ 3.1 INCH 1 pakelis (6 vnt.)<\/p>\n","protected":false},"featured_media":977,"comment_status":"closed","ping_status":"closed","template":"","meta":[],"product_brand":[],"product_cat":[32],"product_tag":[],"class_list":{"0":"post-1118","1":"product","2":"type-product","3":"status-publish","4":"has-post-thumbnail","6":"product_cat-silikoniniai-masalai-ru","8":"first","9":"instock","10":"taxable","11":"shipping-taxable","12":"purchasable","13":"product-type-variable"},"_links":{"self":[{"href":"https:\/\/plasticbros.com\/ru\/wp-json\/wp\/v2\/product\/1118","targetHints":{"allow":["GET"]}}],"collection":[{"href":"https:\/\/plasticbros.com\/ru\/wp-json\/wp\/v2\/product"}],"about":[{"href":"https:\/\/plasticbros.com\/ru\/wp-json\/wp\/v2\/types\/product"}],"replies":[{"embeddable":true,"href":"https:\/\/plasticbros.com\/ru\/wp-json\/wp\/v2\/comments?post=1118"}],"wp:featuredmedia":[{"embeddable":true,"href":"https:\/\/plasticbros.com\/ru\/wp-json\/wp\/v2\/media\/977"}],"wp:attachment":[{"href":"https:\/\/plasticbros.com\/ru\/wp-json\/wp\/v2\/media?parent=1118"}],"wp:term":[{"taxonomy":"product_brand","embeddable":true,"href":"https:\/\/plasticbros.com\/ru\/wp-json\/wp\/v2\/product_brand?post=1118"},{"taxonomy":"product_cat","embeddable":true,"href":"https:\/\/plasticbros.com\/ru\/wp-json\/wp\/v2\/product_cat?post=1118"},{"taxonomy":"product_tag","embeddable":true,"href":"https:\/\/plasticbros.com\/ru\/wp-json\/wp\/v2\/product_tag?post=1118"}],"curies":[{"name":"wp","href":"https:\/\/api.w.org\/{rel}","templated":true}]}}