{"id":146,"date":"2023-09-23T05:15:46","date_gmt":"2023-09-23T02:15:46","guid":{"rendered":"https:\/\/plasticbros.com\/%d0%ba%d0%be%d0%bd%d1%82%d0%b0%d0%ba%d1%82%d1%8b\/"},"modified":"2023-09-23T06:17:31","modified_gmt":"2023-09-23T03:17:31","slug":"%d0%ba%d0%be%d0%bd%d1%82%d0%b0%d0%ba%d1%82%d1%8b","status":"publish","type":"page","link":"https:\/\/plasticbros.com\/ru\/%d0%ba%d0%be%d0%bd%d1%82%d0%b0%d0%ba%d1%82%d1%8b\/","title":{"rendered":"\u041a\u043e\u043d\u0442\u0430\u043a\u0442\u044b"},"content":{"rendered":"<section class=\"l-section wpb_row height_medium\" id=\"contactus\"><div class=\"l-section-h i-cf\"><div class=\"g-cols vc_row via_flex valign_top type_default stacking_default\"><div class=\"vc_col-sm-12 wpb_column vc_column_container\"><div class=\"vc_column-inner\"><div class=\"wpb_wrapper\">[vc_custom_heading text=&#187;\u041a\u043e\u043d\u0442\u0430\u043a\u0442\u044b&#187; font_container=&#187;tag:h3|font_size:30px|text_align:center|line_height:30px&#187; use_theme_fonts=&#187;yes&#187; css=&#187;%7B%22default%22%3A%7B%22font-weight%22%3A%22700%22%7D%7D&#187;]<div class=\"wpb_text_column\"><div class=\"wpb_wrapper\"><p style=\"text-align: center;\">\u0423 \u0432\u0430\u0441 \u0435\u0441\u0442\u044c \u0432\u043e\u043f\u0440\u043e\u0441\u044b? \u041d\u0430\u043f\u0438\u0448\u0438\u0442\u0435 \u043d\u0430\u043c \u0438\u043b\u0438 \u0441\u0432\u044f\u0436\u0438\u0442\u0435\u0441\u044c \u0441 \u043d\u0430\u043c\u0438 \u043b\u044e\u0431\u044b\u043c \u0443\u0434\u043e\u0431\u043d\u044b\u043c \u0434\u043b\u044f \u0432\u0430\u0441 \u0441\u043f\u043e\u0441\u043e\u0431\u043e\u043c.<\/p>\n<\/div><\/div><div class=\"w-separator size_small\"><\/div><div class=\"g-cols wpb_row via_flex valign_top type_default stacking_default\"><div class=\"vc_col-sm-6 wpb_column vc_column_container has_bg_color\"><div class=\"vc_column-inner us_custom_4fb9e5a3\"><div class=\"wpb_wrapper\"><form class=\"w-form  layout_ver for_cform us_form_1\" autocomplete=\"off\" action=\"https:\/\/plasticbros.com\/ru\/wp-json\/wp\/v2\/pages\/146\" method=\"post\"><div class=\"w-form-h\"><div class=\"w-form-row for_text required\">\r\n\t\t<div class=\"w-form-row-field\">\r\n\t\t\t\t\t\t<input aria-label=\"\u0412\u0430\u0448\u0435 \u0438\u043c\u044f\" type=\"text\" name=\"us_form_1_text_1\" value placeholder=\"\u0412\u0430\u0448\u0435 \u0438\u043c\u044f *\" data-required=\"true\" aria-required=\"true\"\/>\r\n\t\t\t<\/div>\r\n\t\t<div class=\"w-form-row-state\">\u0417\u0430\u043f\u043e\u043b\u043d\u0438\u0442\u0435 \u043f\u043e\u043b\u0435<\/div>\r\n<\/div>\r\n<div class=\"w-form-row for_email required\">\r\n\t\t<div class=\"w-form-row-field\">\r\n\t\t\t\t\t\t<input aria-label=\"\u042d\u043b. \u043f\u043e\u0447\u0442\u0430\" type=\"email\" name=\"us_form_1_email_1\" value placeholder=\"\u042d\u043b. \u043f\u043e\u0447\u0442\u0430 *\" data-required=\"true\" aria-required=\"true\"\/>\r\n\t\t\t<\/div>\r\n\t\t<div class=\"w-form-row-state\">\u041f\u043e\u0436\u0430\u043b\u0443\u0439\u0441\u0442\u0430, \u0432\u0432\u0435\u0434\u0438\u0442\u0435 \u043a\u043e\u0440\u0440\u0435\u043a\u0442\u043d\u044b\u0439 \u0430\u0434\u0440\u0435\u0441 email.<\/div>\r\n<\/div>\r\n<div class=\"w-form-row for_text\">\r\n\t\t<div class=\"w-form-row-field\">\r\n\t\t\t\t\t\t<input aria-label=\"\u041d\u043e\u043c\u0435\u0440 \u0442\u0435\u043b\u0435\u0444\u043e\u043d\u0430\" type=\"text\" name=\"us_form_1_text_2\" value placeholder=\"\u041d\u043e\u043c\u0435\u0440 \u0442\u0435\u043b\u0435\u0444\u043e\u043d\u0430\"\/>\r\n\t\t\t<\/div>\r\n\t\t<div class=\"w-form-row-state\">\u0417\u0430\u043f\u043e\u043b\u043d\u0438\u0442\u0435 \u043f\u043e\u043b\u0435<\/div>\r\n<\/div>\r\n<div class=\"w-form-row for_textarea required\">\r\n\t\t<div class=\"w-form-row-field\">\r\n\t\t\t\t\t\t<textarea aria-label=\"\u0412\u0430\u0448\u0435 \u0441\u043e\u043e\u0431\u0449\u0435\u043d\u0438\u0435\" name=\"us_form_1_textarea_1\" placeholder=\"\u0412\u0430\u0448\u0435 \u0441\u043e\u043e\u0431\u0449\u0435\u043d\u0438\u0435 *\" data-required=\"true\" aria-required=\"true\"><\/textarea>\r\n\t\t\t<\/div>\r\n\t\t<div class=\"w-form-row-state\">\u0417\u0430\u043f\u043e\u043b\u043d\u0438\u0442\u0435 \u043f\u043e\u043b\u0435<\/div>\r\n<\/div>\r\n<input type=\"hidden\" name=\"action\" value=\"us_ajax_cform\" \/>\r\n<input type=\"hidden\" name=\"post_id\" value=\"0\" \/>\r\n<input type=\"hidden\" name=\"form_index\" value=\"1\" \/>\r\n<div class=\"w-form-row for_submit  align_none\">\r\n\t<button class=\"w-btn  us-btn-style_1\" aria-label=\"\u041e\u0442\u043f\u0440\u0430\u0432\u0438\u0442\u044c\" type=\"submit\">\r\n\t\t<span class=\"g-preloader type_1\"><\/span>\r\n\t\t\t\t<span class=\"w-btn-label\">\u041e\u0442\u043f\u0440\u0430\u0432\u0438\u0442\u044c<\/span>\r\n\t\t\t<\/button>\r\n\t<\/div>\r\n<\/div><div class=\"w-form-message\"><\/div><div class=\"w-form-json hidden\" onclick='return {&quot;ajaxurl&quot;:&quot;https:\\\/\\\/plasticbros.com\\\/wp-admin\\\/admin-ajax.php&quot;,&quot;messages&quot;:{&quot;err_empty&quot;:&quot;\\u0417\\u0430\\u043f\\u043e\\u043b\\u043d\\u0438\\u0442\\u0435 \\u043f\\u043e\\u043b\\u0435&quot;,&quot;err_size&quot;:&quot;\\u0420\\u0430\\u0437\\u043c\\u0435\\u0440 \\u0444\\u0430\\u0439\\u043b\\u0430 \\u043d\\u0435 \\u043c\\u043e\\u0436\\u0435\\u0442 \\u043f\\u0440\\u0435\\u0432\\u044b\\u0448\\u0430\\u0442\\u044c %s \\u041c\\u0411&quot;,&quot;err_extension&quot;:&quot;%s \\u043d\\u0435\\u0434\\u043e\\u043f\\u0443\\u0441\\u0442\\u0438\\u043c\\u044b\\u0439 \\u0442\\u0438\\u043f \\u0444\\u0430\\u0439\\u043b\\u0430&quot;}}'><\/div><\/form><\/div><\/div><\/div><div class=\"vc_col-sm-6 wpb_column vc_column_container\"><div class=\"vc_column-inner\"><div class=\"wpb_wrapper\"><div class=\"wpb_text_column\"><div class=\"wpb_wrapper\"><p><strong>\u041a\u043e\u043d\u0442\u0430\u043a\u0442\u043d\u0430\u044f \u0438\u043d\u0444\u043e\u0440\u043c\u0430\u0446\u0438\u044f<\/strong><\/p>\n<\/div><\/div><div class=\"w-separator size_custom with_line width_default thick_1 style_solid color_border align_center\" style=\"height:2px\"><div class=\"w-separator-h\"><\/div><\/div><div class=\"w-separator size_small\"><\/div><div class=\"w-iconbox iconpos_left style_default color_primary align_left no_text\"><a href=\"tel:+37064824047\" class=\"w-iconbox-link\" aria-label=\"+370 648 24047 (\u041a\u043e\u043d\u0442\u0430\u043a\u0442\u043d\u043e\u0435 \u043b\u0438\u0446\u043e: \u0414\u0435\u043d\u0438\u0441 \u0410\u043d\u0434\u0440\u0435\u0435\u0432)\"><div class=\"w-iconbox-icon\" style=\"font-size:22px;\"><i class=\"fas fa-phone\"><\/i><\/div><\/a><div class=\"w-iconbox-meta\"><a href=\"tel:+37064824047\" class=\"w-iconbox-link\" aria-label=\"+370 648 24047 (\u041a\u043e\u043d\u0442\u0430\u043a\u0442\u043d\u043e\u0435 \u043b\u0438\u0446\u043e: \u0414\u0435\u043d\u0438\u0441 \u0410\u043d\u0434\u0440\u0435\u0435\u0432)\"><h4 class=\"w-iconbox-title\" style=\"font-size:18px;\">+370 648 24047 (\u041a\u043e\u043d\u0442\u0430\u043a\u0442\u043d\u043e\u0435 \u043b\u0438\u0446\u043e: \u0414\u0435\u043d\u0438\u0441 \u0410\u043d\u0434\u0440\u0435\u0435\u0432)<\/h4><\/a><\/div><\/div><div class=\"w-separator size_small\"><\/div><div class=\"w-iconbox iconpos_left style_default color_primary align_left no_text\"><a href=\"mailto:info@plasticbros.com\" class=\"w-iconbox-link\" aria-label=\"info@plasticbros.com\"><div class=\"w-iconbox-icon\" style=\"font-size:22px;\"><i class=\"fas fa-envelope\"><\/i><\/div><\/a><div class=\"w-iconbox-meta\"><a href=\"mailto:info@plasticbros.com\" class=\"w-iconbox-link\" aria-label=\"info@plasticbros.com\"><h4 class=\"w-iconbox-title\" style=\"font-size:18px;\">info@plasticbros.com<\/h4><\/a><\/div><\/div><div class=\"w-separator size_small\"><\/div><div class=\"wpb_text_column\"><div class=\"wpb_wrapper\"><p><strong>\u0420\u0435\u043a\u0432\u0438\u0437\u0438\u0442\u044b \u043a\u043e\u043c\u043f\u0430\u043d\u0438\u0438<\/strong><\/p>\n<\/div><\/div><div class=\"w-separator size_custom with_line width_default thick_1 style_solid color_border align_center\" style=\"height:2px\"><div class=\"w-separator-h\"><\/div><\/div><div class=\"w-separator size_small\"><\/div><div class=\"w-iconbox iconpos_left style_default color_primary align_left no_text\"><div class=\"w-iconbox-icon\" style=\"font-size:22px;\"><i class=\"fas fa-fish\"><\/i><\/div><div class=\"w-iconbox-meta\"><h4 class=\"w-iconbox-title\" style=\"font-size:18px;\">Plastic bros, MB<\/h4><\/div><\/div><div class=\"w-separator size_small\"><\/div><div class=\"w-iconbox iconpos_left style_default color_primary align_left no_text\"><div class=\"w-iconbox-icon\" style=\"font-size:22px;\"><i class=\"fas fa-file-alt\"><\/i><\/div><div class=\"w-iconbox-meta\"><h4 class=\"w-iconbox-title\" style=\"font-size:18px;\">\u041a\u043e\u0434 \u043a\u043e\u043c\u043f\u0430\u043d\u0438\u0438: 306354724<\/h4><\/div><\/div><div class=\"w-separator size_small\"><\/div><div class=\"w-iconbox iconpos_left style_default color_primary align_left no_text\"><div class=\"w-iconbox-icon\" style=\"font-size:22px;\"><i class=\"fas fa-building\"><\/i><\/div><div class=\"w-iconbox-meta\"><h4 class=\"w-iconbox-title\" style=\"font-size:18px;\">\u0420\u0435\u0433\u0438\u0441\u0442\u0440\u0430\u0446\u0438\u043e\u043d\u043d\u044b\u0439 \u0430\u0434\u0440\u0435\u0441: Giedrai\u010di\u0173 g. 39, R53, Vilnius<\/h4><\/div><\/div><div class=\"w-separator size_small\"><\/div><div class=\"w-iconbox iconpos_left style_default color_primary align_left no_text\"><div class=\"w-iconbox-icon\" style=\"font-size:22px;\"><i class=\"fas fa-map-marker-alt\"><\/i><\/div><div class=\"w-iconbox-meta\"><h4 class=\"w-iconbox-title\" style=\"font-size:18px;\">\u0424\u0430\u043a\u0442\u0438\u0447\u0435\u0441\u043a\u0438\u0439 \u0430\u0434\u0440\u0435\u0441: \u0160ven\u010dioni\u0173 g. 15, Ignalina<\/h4><\/div><\/div><div class=\"w-separator size_small\"><\/div><\/div><\/div><\/div><\/div><\/div><\/div><\/div><\/div><\/div><\/section>\n","protected":false},"excerpt":{"rendered":"[vc_custom_heading text=\"\u041a\u043e\u043d\u0442\u0430\u043a\u0442\u044b\" font_container=\"tag:h3|font_size:30px|text_align:center|line_height:30px\" use_theme_fonts=\"yes\" css=\"%7B%22default%22%3A%7B%22font-weight%22%3A%22700%22%7D%7D\"]\u0423 \u0432\u0430\u0441 \u0435\u0441\u0442\u044c \u0432\u043e\u043f\u0440\u043e\u0441\u044b? \u041d\u0430\u043f\u0438\u0448\u0438\u0442\u0435 \u043d\u0430\u043c \u0438\u043b\u0438 \u0441\u0432\u044f\u0436\u0438\u0442\u0435\u0441\u044c \u0441 \u043d\u0430\u043c\u0438 \u043b\u044e\u0431\u044b\u043c \u0443\u0434\u043e\u0431\u043d\u044b\u043c \u0434\u043b\u044f \u0432\u0430\u0441 \u0441\u043f\u043e\u0441\u043e\u0431\u043e\u043c. \u0417\u0430\u043f\u043e\u043b\u043d\u0438\u0442\u0435 \u043f\u043e\u043b\u0435 \u041f\u043e\u0436\u0430\u043b\u0443\u0439\u0441\u0442\u0430, \u0432\u0432\u0435\u0434\u0438\u0442\u0435 \u043a\u043e\u0440\u0440\u0435\u043a\u0442\u043d\u044b\u0439 \u0430\u0434\u0440\u0435\u0441 email. \u0417\u0430\u043f\u043e\u043b\u043d\u0438\u0442\u0435 \u043f\u043e\u043b\u0435 \u0417\u0430\u043f\u043e\u043b\u043d\u0438\u0442\u0435 \u043f\u043e\u043b\u0435 \u041e\u0442\u043f\u0440\u0430\u0432\u0438\u0442\u044c \u041a\u043e\u043d\u0442\u0430\u043a\u0442\u043d\u0430\u044f \u0438\u043d\u0444\u043e\u0440\u043c\u0430\u0446\u0438\u044f +370 648 24047 (\u041a\u043e\u043d\u0442\u0430\u043a\u0442\u043d\u043e\u0435 \u043b\u0438\u0446\u043e: \u0414\u0435\u043d\u0438\u0441 \u0410\u043d\u0434\u0440\u0435\u0435\u0432)info@plasticbros.com\u0420\u0435\u043a\u0432\u0438\u0437\u0438\u0442\u044b \u043a\u043e\u043c\u043f\u0430\u043d\u0438\u0438 Plastic bros, MB\u041a\u043e\u0434 \u043a\u043e\u043c\u043f\u0430\u043d\u0438\u0438: 306354724\u0420\u0435\u0433\u0438\u0441\u0442\u0440\u0430\u0446\u0438\u043e\u043d\u043d\u044b\u0439 \u0430\u0434\u0440\u0435\u0441: Giedrai\u010di\u0173 g. 39, R53, Vilnius\u0424\u0430\u043a\u0442\u0438\u0447\u0435\u0441\u043a\u0438\u0439 \u0430\u0434\u0440\u0435\u0441: \u0160ven\u010dioni\u0173 g....","protected":false},"author":1,"featured_media":0,"parent":0,"menu_order":0,"comment_status":"closed","ping_status":"closed","template":"","meta":{"footnotes":""},"class_list":["post-146","page","type-page","status-publish","hentry"],"_links":{"self":[{"href":"https:\/\/plasticbros.com\/ru\/wp-json\/wp\/v2\/pages\/146","targetHints":{"allow":["GET"]}}],"collection":[{"href":"https:\/\/plasticbros.com\/ru\/wp-json\/wp\/v2\/pages"}],"about":[{"href":"https:\/\/plasticbros.com\/ru\/wp-json\/wp\/v2\/types\/page"}],"author":[{"embeddable":true,"href":"https:\/\/plasticbros.com\/ru\/wp-json\/wp\/v2\/users\/1"}],"replies":[{"embeddable":true,"href":"https:\/\/plasticbros.com\/ru\/wp-json\/wp\/v2\/comments?post=146"}],"version-history":[{"count":2,"href":"https:\/\/plasticbros.com\/ru\/wp-json\/wp\/v2\/pages\/146\/revisions"}],"predecessor-version":[{"id":148,"href":"https:\/\/plasticbros.com\/ru\/wp-json\/wp\/v2\/pages\/146\/revisions\/148"}],"wp:attachment":[{"href":"https:\/\/plasticbros.com\/ru\/wp-json\/wp\/v2\/media?parent=146"}],"curies":[{"name":"wp","href":"https:\/\/api.w.org\/{rel}","templated":true}]}}