{"id":597,"date":"2024-03-19T13:15:47","date_gmt":"2024-03-19T11:15:47","guid":{"rendered":"https:\/\/plasticbros.com\/?post_type=product&#038;p=597"},"modified":"2024-03-20T16:18:55","modified_gmt":"2024-03-20T14:18:55","slug":"dragon-fly-4-5-cm","status":"publish","type":"product","link":"https:\/\/plasticbros.com\/pl\/produktas\/dragon-fly-4-5-cm\/","title":{"rendered":"DRAGON FLY (4.5 cm)"},"content":{"rendered":"<p>Silikoniniai masalai<br \/>\nTinka e\u0161eri\u0173 ir kit\u0173 \u017euv\u0173 \u017evejybai.<\/p>\n<p>Ilgis 4.5 cm \/ 1.8 INCH<br \/>\n1 pakelis (7 vnt.)<\/p>\n","protected":false},"excerpt":{"rendered":"<p>Silikoniniai masalai Tinka e\u0161eri\u0173 ir kit\u0173 \u017euv\u0173 \u017evejybai. Ilgis 4.5 cm \/ 1.8 INCH 1 pakelis (7 vnt.)<\/p>\n","protected":false},"featured_media":613,"comment_status":"closed","ping_status":"closed","template":"","meta":[],"product_brand":[],"product_cat":[16],"product_tag":[],"class_list":{"0":"post-597","1":"product","2":"type-product","3":"status-publish","4":"has-post-thumbnail","6":"product_cat-silikoniniai-masalai","8":"first","9":"instock","10":"taxable","11":"shipping-taxable","12":"purchasable","13":"product-type-variable"},"_links":{"self":[{"href":"https:\/\/plasticbros.com\/pl\/wp-json\/wp\/v2\/product\/597","targetHints":{"allow":["GET"]}}],"collection":[{"href":"https:\/\/plasticbros.com\/pl\/wp-json\/wp\/v2\/product"}],"about":[{"href":"https:\/\/plasticbros.com\/pl\/wp-json\/wp\/v2\/types\/product"}],"replies":[{"embeddable":true,"href":"https:\/\/plasticbros.com\/pl\/wp-json\/wp\/v2\/comments?post=597"}],"wp:featuredmedia":[{"embeddable":true,"href":"https:\/\/plasticbros.com\/pl\/wp-json\/wp\/v2\/media\/613"}],"wp:attachment":[{"href":"https:\/\/plasticbros.com\/pl\/wp-json\/wp\/v2\/media?parent=597"}],"wp:term":[{"taxonomy":"product_brand","embeddable":true,"href":"https:\/\/plasticbros.com\/pl\/wp-json\/wp\/v2\/product_brand?post=597"},{"taxonomy":"product_cat","embeddable":true,"href":"https:\/\/plasticbros.com\/pl\/wp-json\/wp\/v2\/product_cat?post=597"},{"taxonomy":"product_tag","embeddable":true,"href":"https:\/\/plasticbros.com\/pl\/wp-json\/wp\/v2\/product_tag?post=597"}],"curies":[{"name":"wp","href":"https:\/\/api.w.org\/{rel}","templated":true}]}}