{"id":1718,"date":"2024-03-20T20:27:05","date_gmt":"2024-03-20T18:27:05","guid":{"rendered":"https:\/\/plasticbros.com\/?post_type=product&#038;p=1718"},"modified":"2024-04-08T08:54:42","modified_gmt":"2024-04-08T05:54:42","slug":"zilda-5-cm","status":"publish","type":"product","link":"https:\/\/plasticbros.com\/pl\/produktas\/zilda-5-cm\/","title":{"rendered":"ZILDA (5 cm)"},"content":{"rendered":"<p>Silikoniniai masalai<br \/>\nTinka e\u0161eri\u0173 ir kit\u0173 \u017euv\u0173 \u017evejybai.<\/p>\n<p>Ilgis 5 cm \/ 2 INCH<br \/>\n1 pakelis (9 vnt.)<\/p>\n","protected":false},"excerpt":{"rendered":"<p>Silikoniniai masalai Tinka e\u0161eri\u0173 ir kit\u0173 \u017euv\u0173 \u017evejybai. Ilgis 5 cm \/ 2 INCH 1 pakelis (9 vnt.)<\/p>\n","protected":false},"featured_media":1737,"comment_status":"closed","ping_status":"closed","template":"","meta":[],"product_brand":[],"product_cat":[16],"product_tag":[],"class_list":{"0":"post-1718","1":"product","2":"type-product","3":"status-publish","4":"has-post-thumbnail","6":"product_cat-silikoniniai-masalai","8":"first","9":"instock","10":"taxable","11":"shipping-taxable","12":"purchasable","13":"product-type-variable"},"_links":{"self":[{"href":"https:\/\/plasticbros.com\/pl\/wp-json\/wp\/v2\/product\/1718","targetHints":{"allow":["GET"]}}],"collection":[{"href":"https:\/\/plasticbros.com\/pl\/wp-json\/wp\/v2\/product"}],"about":[{"href":"https:\/\/plasticbros.com\/pl\/wp-json\/wp\/v2\/types\/product"}],"replies":[{"embeddable":true,"href":"https:\/\/plasticbros.com\/pl\/wp-json\/wp\/v2\/comments?post=1718"}],"wp:featuredmedia":[{"embeddable":true,"href":"https:\/\/plasticbros.com\/pl\/wp-json\/wp\/v2\/media\/1737"}],"wp:attachment":[{"href":"https:\/\/plasticbros.com\/pl\/wp-json\/wp\/v2\/media?parent=1718"}],"wp:term":[{"taxonomy":"product_brand","embeddable":true,"href":"https:\/\/plasticbros.com\/pl\/wp-json\/wp\/v2\/product_brand?post=1718"},{"taxonomy":"product_cat","embeddable":true,"href":"https:\/\/plasticbros.com\/pl\/wp-json\/wp\/v2\/product_cat?post=1718"},{"taxonomy":"product_tag","embeddable":true,"href":"https:\/\/plasticbros.com\/pl\/wp-json\/wp\/v2\/product_tag?post=1718"}],"curies":[{"name":"wp","href":"https:\/\/api.w.org\/{rel}","templated":true}]}}