{"id":431,"date":"2024-03-19T09:45:15","date_gmt":"2024-03-19T07:45:15","guid":{"rendered":"https:\/\/plasticbros.com\/produktas\/bigzee\/"},"modified":"2024-05-26T10:54:56","modified_gmt":"2024-05-26T07:54:56","slug":"bigzee","status":"publish","type":"product","link":"https:\/\/plasticbros.com\/en\/produktas\/bigzee\/","title":{"rendered":"Silikoniniai masalai Osprey Lures BIGZEE 4cm 12vnt.pak."},"content":{"rendered":"<p>Silikoniniai masalai e\u0161eri\u0173, starki\u0173 \u017e\u016bklei &#8211; <strong>Pagaminta Lietuvoje! <\/strong>Vidutinio mink\u0161tumo, patvarus silikonas. Masalas savoti\u0161ko v\u0117\u017eiuko imitacija. Pravedimo metu atsiskleid\u017eia keletas skirting\u0173 vibracij\u0173 d\u0117l masalo konstrukcijos, skirting\u0173 ilgi\u0173, atskir\u0173 detali\u0173. Puikus pasirinkimas gaudantiems Jig b\u016bdu ir ie\u0161kantiems \u017euvies ties dugnu. Pakuot\u0117je 12 vnt. Masal\u0173 dydis 4 cm, 1.6&#8243;.<\/p>\n","protected":false},"excerpt":{"rendered":"<p>Silikoniniai masalai e\u0161eri\u0173, starki\u0173 \u017e\u016bklei &#8211; Pagaminta Lietuvoje! Vidutinio mink\u0161tumo, patvarus silikonas. Masalas savoti\u0161ko v\u0117\u017eiuko imitacija. Pravedimo metu atsiskleid\u017eia keletas skirting\u0173 vibracij\u0173 d\u0117l masalo konstrukcijos, skirting\u0173 ilgi\u0173, atskir\u0173 detali\u0173. Puikus pasirinkimas gaudantiems Jig b\u016bdu ir ie\u0161kantiems \u017euvies ties dugnu. Pakuot\u0117je 12 vnt. Masal\u0173 dydis 4 cm, 1.6&#8243;.<\/p>\n","protected":false},"featured_media":589,"comment_status":"closed","ping_status":"closed","template":"","meta":[],"product_brand":[],"product_cat":[31],"product_tag":[],"class_list":{"0":"post-431","1":"product","2":"type-product","3":"status-publish","4":"has-post-thumbnail","6":"product_cat-silikoniniai-masalai-en","8":"first","9":"instock","10":"taxable","11":"shipping-taxable","12":"purchasable","13":"product-type-variable"},"_links":{"self":[{"href":"https:\/\/plasticbros.com\/en\/wp-json\/wp\/v2\/product\/431","targetHints":{"allow":["GET"]}}],"collection":[{"href":"https:\/\/plasticbros.com\/en\/wp-json\/wp\/v2\/product"}],"about":[{"href":"https:\/\/plasticbros.com\/en\/wp-json\/wp\/v2\/types\/product"}],"replies":[{"embeddable":true,"href":"https:\/\/plasticbros.com\/en\/wp-json\/wp\/v2\/comments?post=431"}],"wp:featuredmedia":[{"embeddable":true,"href":"https:\/\/plasticbros.com\/en\/wp-json\/wp\/v2\/media\/589"}],"wp:attachment":[{"href":"https:\/\/plasticbros.com\/en\/wp-json\/wp\/v2\/media?parent=431"}],"wp:term":[{"taxonomy":"product_brand","embeddable":true,"href":"https:\/\/plasticbros.com\/en\/wp-json\/wp\/v2\/product_brand?post=431"},{"taxonomy":"product_cat","embeddable":true,"href":"https:\/\/plasticbros.com\/en\/wp-json\/wp\/v2\/product_cat?post=431"},{"taxonomy":"product_tag","embeddable":true,"href":"https:\/\/plasticbros.com\/en\/wp-json\/wp\/v2\/product_tag?post=431"}],"curies":[{"name":"wp","href":"https:\/\/api.w.org\/{rel}","templated":true}]}}