{"id":2083,"date":"2024-03-28T11:57:38","date_gmt":"2024-03-28T09:57:38","guid":{"rendered":"https:\/\/plasticbros.com\/produktas\/mr-tvister\/"},"modified":"2024-03-28T11:58:24","modified_gmt":"2024-03-28T09:58:24","slug":"mr-tvister","status":"publish","type":"product","link":"https:\/\/plasticbros.com\/en\/produktas\/mr-tvister\/","title":{"rendered":"MR. TVISTER"},"content":{"rendered":"<p>Silikoniniai masalai<br \/>\nTinka e\u0161eri\u0173 ir kit\u0173 \u017euv\u0173 \u017evejybai.<\/p>\n<p>Ilgis 3.5 cm \/ 1.4 INCH<br \/>\n1 pakelis (16 vnt.)<\/p>\n","protected":false},"excerpt":{"rendered":"<p>Silikoniniai masalai Tinka e\u0161eri\u0173 ir kit\u0173 \u017euv\u0173 \u017evejybai. Ilgis 3.5 cm \/ 1.4 INCH 1 pakelis (16 vnt.)<\/p>\n","protected":false},"featured_media":2012,"comment_status":"closed","ping_status":"closed","template":"","meta":[],"product_brand":[],"product_cat":[31],"product_tag":[],"class_list":{"0":"post-2083","1":"product","2":"type-product","3":"status-publish","4":"has-post-thumbnail","6":"product_cat-silikoniniai-masalai-en","8":"first","9":"instock","10":"taxable","11":"shipping-taxable","12":"purchasable","13":"product-type-variable"},"_links":{"self":[{"href":"https:\/\/plasticbros.com\/en\/wp-json\/wp\/v2\/product\/2083","targetHints":{"allow":["GET"]}}],"collection":[{"href":"https:\/\/plasticbros.com\/en\/wp-json\/wp\/v2\/product"}],"about":[{"href":"https:\/\/plasticbros.com\/en\/wp-json\/wp\/v2\/types\/product"}],"replies":[{"embeddable":true,"href":"https:\/\/plasticbros.com\/en\/wp-json\/wp\/v2\/comments?post=2083"}],"wp:featuredmedia":[{"embeddable":true,"href":"https:\/\/plasticbros.com\/en\/wp-json\/wp\/v2\/media\/2012"}],"wp:attachment":[{"href":"https:\/\/plasticbros.com\/en\/wp-json\/wp\/v2\/media?parent=2083"}],"wp:term":[{"taxonomy":"product_brand","embeddable":true,"href":"https:\/\/plasticbros.com\/en\/wp-json\/wp\/v2\/product_brand?post=2083"},{"taxonomy":"product_cat","embeddable":true,"href":"https:\/\/plasticbros.com\/en\/wp-json\/wp\/v2\/product_cat?post=2083"},{"taxonomy":"product_tag","embeddable":true,"href":"https:\/\/plasticbros.com\/en\/wp-json\/wp\/v2\/product_tag?post=2083"}],"curies":[{"name":"wp","href":"https:\/\/api.w.org\/{rel}","templated":true}]}}