{"id":1945,"date":"2024-03-21T10:50:14","date_gmt":"2024-03-21T08:50:14","guid":{"rendered":"https:\/\/plasticbros.com\/?post_type=product&#038;p=1945"},"modified":"2024-03-28T12:02:37","modified_gmt":"2024-03-28T10:02:37","slug":"little-worm-3-5-cm","status":"publish","type":"product","link":"https:\/\/plasticbros.com\/de\/produktas\/little-worm-3-5-cm\/","title":{"rendered":"LITTLE WORM (3.5 cm)"},"content":{"rendered":"<p>Silikoniniai masalai<br \/>\nTinka e\u0161eri\u0173 ir kit\u0173 \u017euv\u0173 \u017evejybai.<\/p>\n<p>Ilgis 3.5 cm \/ 1.4 INCH<br \/>\n1 pakelis (3 x 10 vnt.)<\/p>\n","protected":false},"excerpt":{"rendered":"<p>Silikoniniai masalai Tinka e\u0161eri\u0173 ir kit\u0173 \u017euv\u0173 \u017evejybai. Ilgis 3.5 cm \/ 1.4 INCH 1 pakelis (3 x 10 vnt.)<\/p>\n","protected":false},"featured_media":1963,"comment_status":"closed","ping_status":"closed","template":"","meta":[],"product_brand":[],"product_cat":[16],"product_tag":[],"class_list":{"0":"post-1945","1":"product","2":"type-product","3":"status-publish","4":"has-post-thumbnail","6":"product_cat-silikoniniai-masalai","8":"first","9":"instock","10":"taxable","11":"shipping-taxable","12":"purchasable","13":"product-type-variable"},"_links":{"self":[{"href":"https:\/\/plasticbros.com\/de\/wp-json\/wp\/v2\/product\/1945","targetHints":{"allow":["GET"]}}],"collection":[{"href":"https:\/\/plasticbros.com\/de\/wp-json\/wp\/v2\/product"}],"about":[{"href":"https:\/\/plasticbros.com\/de\/wp-json\/wp\/v2\/types\/product"}],"replies":[{"embeddable":true,"href":"https:\/\/plasticbros.com\/de\/wp-json\/wp\/v2\/comments?post=1945"}],"wp:featuredmedia":[{"embeddable":true,"href":"https:\/\/plasticbros.com\/de\/wp-json\/wp\/v2\/media\/1963"}],"wp:attachment":[{"href":"https:\/\/plasticbros.com\/de\/wp-json\/wp\/v2\/media?parent=1945"}],"wp:term":[{"taxonomy":"product_brand","embeddable":true,"href":"https:\/\/plasticbros.com\/de\/wp-json\/wp\/v2\/product_brand?post=1945"},{"taxonomy":"product_cat","embeddable":true,"href":"https:\/\/plasticbros.com\/de\/wp-json\/wp\/v2\/product_cat?post=1945"},{"taxonomy":"product_tag","embeddable":true,"href":"https:\/\/plasticbros.com\/de\/wp-json\/wp\/v2\/product_tag?post=1945"}],"curies":[{"name":"wp","href":"https:\/\/api.w.org\/{rel}","templated":true}]}}